{"id":215,"date":"2020-08-17T14:42:04","date_gmt":"2020-08-17T14:42:04","guid":{"rendered":"https:\/\/startersites.io\/blocksy\/business\/?page_id=215"},"modified":"2025-11-18T15:29:19","modified_gmt":"2025-11-18T15:29:19","slug":"about","status":"publish","type":"page","link":"https:\/\/www.k-dogs.komandor.pl\/?page_id=215","title":{"rendered":"O nas"},"content":{"rendered":"\t\t<div data-elementor-type=\"wp-page\" data-elementor-id=\"215\" class=\"elementor elementor-215\">\n\t\t\t\t\t\t<section class=\"elementor-section elementor-top-section elementor-element elementor-element-25b7d045 ct-section-stretched elementor-section-boxed elementor-section-height-default elementor-section-height-default\" data-id=\"25b7d045\" data-element_type=\"section\" data-e-type=\"section\" data-settings=\"{&quot;background_background&quot;:&quot;classic&quot;}\">\n\t\t\t\t\t\t\t<div class=\"elementor-background-overlay\"><\/div>\n\t\t\t\t\t\t\t<div class=\"elementor-container elementor-column-gap-default\">\n\t\t\t\t\t<div class=\"elementor-column elementor-col-50 elementor-top-column elementor-element elementor-element-36c6fc68\" data-id=\"36c6fc68\" data-element_type=\"column\" data-e-type=\"column\">\n\t\t\t<div class=\"elementor-widget-wrap elementor-element-populated\">\n\t\t\t\t\t\t<div class=\"elementor-element elementor-element-77dcf47e elementor-widget elementor-widget-heading\" data-id=\"77dcf47e\" data-element_type=\"widget\" data-e-type=\"widget\" data-widget_type=\"heading.default\">\n\t\t\t\t\t<h2 class=\"elementor-heading-title elementor-size-default\">Je\u015bli szukasz miejsca, kt\u00f3re \u0142\u0105czy w sobie profesjonalizm, funkcjonalno\u015b\u0107 i pasj\u0119,\nto sala K-DOGs jest dok\u0142adnie tym, czego potrzebujesz.<\/h2>\t\t\t\t<\/div>\n\t\t\t\t\t<\/div>\n\t\t<\/div>\n\t\t\t\t<div class=\"elementor-column elementor-col-50 elementor-top-column elementor-element elementor-element-459a500f elementor-hidden-tablet elementor-hidden-phone\" data-id=\"459a500f\" data-element_type=\"column\" data-e-type=\"column\">\n\t\t\t<div class=\"elementor-widget-wrap\">\n\t\t\t\t\t\t\t<\/div>\n\t\t<\/div>\n\t\t\t\t\t<\/div>\n\t\t<\/section>\n\t\t\t\t<section class=\"elementor-section elementor-top-section elementor-element elementor-element-f000aeb elementor-section-boxed elementor-section-height-default elementor-section-height-default\" data-id=\"f000aeb\" data-element_type=\"section\" data-e-type=\"section\">\n\t\t\t\t\t\t<div class=\"elementor-container elementor-column-gap-no\">\n\t\t\t\t\t<div class=\"elementor-column elementor-col-100 elementor-top-column elementor-element elementor-element-c02db8f\" data-id=\"c02db8f\" data-element_type=\"column\" data-e-type=\"column\">\n\t\t\t<div class=\"elementor-widget-wrap elementor-element-populated\">\n\t\t\t\t\t\t<div class=\"elementor-element elementor-element-d598abc elementor-widget elementor-widget-spacer\" data-id=\"d598abc\" data-element_type=\"widget\" data-e-type=\"widget\" data-widget_type=\"spacer.default\">\n\t\t\t\t\t\t\t<div class=\"elementor-spacer\">\n\t\t\t<div class=\"elementor-spacer-inner\"><\/div>\n\t\t<\/div>\n\t\t\t\t\t\t<\/div>\n\t\t\t\t<div class=\"elementor-element elementor-element-34234f6 elementor-widget elementor-widget-text-editor\" data-id=\"34234f6\" data-element_type=\"widget\" data-e-type=\"widget\" data-widget_type=\"text-editor.default\">\n\t\t\t\t\t\t\t\t\t<p data-start=\"775\" data-end=\"1193\">Nasza sala treningowa powsta\u0142a z my\u015bl\u0105 o wszystkich, kt\u00f3rzy szukaj\u0105 <strong data-start=\"843\" data-end=\"925\">profesjonalnej, komfortowej i w pe\u0142ni wyposa\u017conej przestrzeni do pracy z psami<\/strong>.<br \/><br data-start=\"926\" data-end=\"929\" \/>To miejsce stworzone zar\u00f3wno dla <strong data-start=\"962\" data-end=\"974\">trener\u00f3w<\/strong>, <strong data-start=\"976\" data-end=\"991\">szk\u00f3\u0142 psich<\/strong>, jak i <strong data-start=\"999\" data-end=\"1054\">opiekun\u00f3w pracuj\u0105cych indywidualnie ze swoimi psami<\/strong>. Chcemy, aby ka\u017cdy \u2014 niezale\u017cnie od poziomu zaawansowania \u2014 m\u00f3g\u0142 tu znale\u017a\u0107 warunki, kt\u00f3re sprzyjaj\u0105 efektywnej nauce.<\/p><h3 data-start=\"2087\" data-end=\"2146\"><strong data-start=\"2091\" data-end=\"2146\">Miejsce dla szk\u00f3\u0142 psich, trener\u00f3w i os\u00f3b prywatnych<\/strong><\/h3><p data-start=\"2148\" data-end=\"2340\">Szukasz miejsca, gdzie mo\u017cesz prowadzi\u0107 swoje zaj\u0119cia w sta\u0142ych godzinach?<br data-start=\"2222\" data-end=\"2225\" \/>A mo\u017ce potrzebujesz przestrzeni \u201ena ju\u017c\u201d, \u017ceby przeprowadzi\u0107 trening indywidualny albo nagra\u0107 materia\u0142 szkoleniowy?<\/p><p data-start=\"2342\" data-end=\"2369\">Nasza sala jest otwarta na:<br \/><strong data-start=\"2373\" data-end=\"2388\">&#8211; szko\u0142y psie<\/strong>, kt\u00f3re potrzebuj\u0105 sta\u0142ej, wyposa\u017conej przestrzeni,<br \/><strong data-start=\"2444\" data-end=\"2471\">&#8211; trener\u00f3w indywidualnych<\/strong>, prowadz\u0105cych zaj\u0119cia dla klient\u00f3w,<br \/><strong data-start=\"2512\" data-end=\"2533\">&#8211; grupy szkoleniowe<\/strong>,<br \/><strong data-start=\"2539\" data-end=\"2584\">&#8211; opiekun\u00f3w pracuj\u0105cych samodzielnie z psem<\/strong>,<br \/>&#8211; osoby organizuj\u0105ce <strong data-start=\"2609\" data-end=\"2656\">warsztaty, konsultacje, zaj\u0119cia jednorazowe<\/strong>.<\/p><p data-start=\"2659\" data-end=\"2785\">Wynajem jest <strong data-start=\"2672\" data-end=\"2686\">elastyczny<\/strong>, a wsp\u00f3\u0142praca mo\u017ce obejmowa\u0107 zar\u00f3wno <strong data-start=\"2724\" data-end=\"2746\">pojedyncze wej\u015bcia<\/strong>, jak i <strong data-start=\"2754\" data-end=\"2784\">sta\u0142e rezerwacje godzinowe<\/strong>.<\/p>\t\t\t\t\t\t\t\t<\/div>\n\t\t\t\t\t<\/div>\n\t\t<\/div>\n\t\t\t\t\t<\/div>\n\t\t<\/section>\n\t\t<div class=\"elementor-element elementor-element-bebb556 e-flex e-con-boxed e-con e-parent\" data-id=\"bebb556\" data-element_type=\"container\" data-e-type=\"container\">\n\t\t\t\t\t<div class=\"e-con-inner\">\n\t\t\t\t<div class=\"elementor-element elementor-element-b77e227 elementor-widget elementor-widget-text-editor\" data-id=\"b77e227\" data-element_type=\"widget\" data-e-type=\"widget\" data-widget_type=\"text-editor.default\">\n\t\t\t\t\t\t\t\t\t<h3 data-start=\"1195\" data-end=\"1244\"><strong data-start=\"1199\" data-end=\"1244\">Profesjonalne wyposa\u017cenie i komfort pracy<\/strong><\/h3><p data-start=\"1246\" data-end=\"1570\">Pomieszczenie jest <strong data-start=\"1445\" data-end=\"1491\">jasne, przestronne i utrzymane w czysto\u015bci<\/strong>, dzi\u0119ki czemu praca zar\u00f3wno psa, jak i cz\u0142owieka, jest maksymalnie komfortowa.<\/p>\t\t\t\t\t\t\t\t<\/div>\n\t\t\t\t\t<\/div>\n\t\t\t\t<\/div>\n\t\t<div class=\"elementor-element elementor-element-f5d8022 e-flex e-con-boxed e-con e-parent\" data-id=\"f5d8022\" data-element_type=\"container\" data-e-type=\"container\">\n\t\t\t\t\t<div class=\"e-con-inner\">\n\t\t<div class=\"elementor-element elementor-element-b55cb72 e-con-full e-flex e-con e-child\" data-id=\"b55cb72\" data-element_type=\"container\" data-e-type=\"container\">\n\t\t\t\t<div class=\"elementor-element elementor-element-442fcc2 elementor-widget__width-initial elementor-widget elementor-widget-image\" data-id=\"442fcc2\" data-element_type=\"widget\" data-e-type=\"widget\" data-widget_type=\"image.default\">\n\t\t\t\t\t\t\t\t\t\t\t\t\t\t\t<img fetchpriority=\"high\" decoding=\"async\" width=\"1024\" height=\"576\" src=\"https:\/\/www.k-dogs.komandor.pl\/wp-content\/uploads\/2025\/11\/WhatsApp-Image-2025-11-18-at-14.16.42-1024x576.jpeg\" class=\"attachment-large size-large wp-image-911\" alt=\"\" srcset=\"https:\/\/www.k-dogs.komandor.pl\/wp-content\/uploads\/2025\/11\/WhatsApp-Image-2025-11-18-at-14.16.42-1024x576.jpeg 1024w, https:\/\/www.k-dogs.komandor.pl\/wp-content\/uploads\/2025\/11\/WhatsApp-Image-2025-11-18-at-14.16.42-300x169.jpeg 300w, https:\/\/www.k-dogs.komandor.pl\/wp-content\/uploads\/2025\/11\/WhatsApp-Image-2025-11-18-at-14.16.42-768x432.jpeg 768w, https:\/\/www.k-dogs.komandor.pl\/wp-content\/uploads\/2025\/11\/WhatsApp-Image-2025-11-18-at-14.16.42-1536x864.jpeg 1536w, https:\/\/www.k-dogs.komandor.pl\/wp-content\/uploads\/2025\/11\/WhatsApp-Image-2025-11-18-at-14.16.42.jpeg 2048w\" sizes=\"(max-width: 1024px) 100vw, 1024px\" \/>\t\t\t\t\t\t\t\t\t\t\t\t\t\t\t<\/div>\n\t\t\t\t<\/div>\n\t\t\t\t<div class=\"elementor-element elementor-element-8eb4859 elementor-widget elementor-widget-text-editor\" data-id=\"8eb4859\" data-element_type=\"widget\" data-e-type=\"widget\" data-widget_type=\"text-editor.default\">\n\t\t\t\t\t\t\t\t\t<p>Trenujemy na profesjonalnej pod\u0142odze sportowej o grubo\u015bci <strong data-start=\"471\" data-end=\"480\">15 mm<\/strong> \u2013 to gumowa nawierzchnia typu puzzle, stosowana m.in. w si\u0142owniach i strefach crossfit, kt\u00f3ra \u0142\u0105czy <strong data-start=\"581\" data-end=\"724\">wysok\u0105 g\u0119sto\u015b\u0107, odporno\u015b\u0107 na obci\u0105\u017cenia, bardzo dobr\u0105 amortyzacj\u0119 oraz w\u0142a\u015bciwo\u015bci wyg\u0142uszaj\u0105ce i antypo\u015blizgowe (klasa bezpiecze\u0144stwa R10).<\/strong><br data-start=\"762\" data-end=\"765\" \/>Dzi\u0119ki temu trening jest bezpieczniejszy zar\u00f3wno dla ps\u00f3w, jak i ludzi, a pod\u0142o\u017ce dobrze t\u0142umi d\u017awi\u0119k i chroni stawy przy dynamicznych \u0107wiczeniach.<\/p><p data-start=\"914\" data-end=\"974\">Na sali mamy <strong data-start=\"927\" data-end=\"973\">kompletny zestaw znak\u00f3w do Rally Obedience<\/strong>:<\/p><ul data-start=\"975\" data-end=\"1112\"><li data-start=\"975\" data-end=\"1025\"><p data-start=\"977\" data-end=\"1025\">zgodnych z <strong data-start=\"988\" data-end=\"1022\">polskimi przepisami sportowymi<\/strong>,<\/p><\/li><li data-start=\"1026\" data-end=\"1061\"><p data-start=\"1028\" data-end=\"1061\">zgodnych z regulaminem <strong data-start=\"1051\" data-end=\"1058\">FCI<\/strong>,<\/p><\/li><li data-start=\"1062\" data-end=\"1112\"><p data-start=\"1064\" data-end=\"1112\">zgodnych z regulaminem <strong data-start=\"1087\" data-end=\"1109\">Republiki Czeskiej<\/strong>.<\/p><\/li><\/ul><p data-start=\"1114\" data-end=\"1252\">\u00a0<\/p>\t\t\t\t\t\t\t\t<\/div>\n\t\t\t\t\t<\/div>\n\t\t\t\t<\/div>\n\t\t<div class=\"elementor-element elementor-element-a3f7846 e-flex e-con-boxed e-con e-parent\" data-id=\"a3f7846\" data-element_type=\"container\" data-e-type=\"container\">\n\t\t\t\t\t<div class=\"e-con-inner\">\n\t\t<div class=\"elementor-element elementor-element-c25f329 e-con-full e-flex e-con e-child\" data-id=\"c25f329\" data-element_type=\"container\" data-e-type=\"container\">\n\t\t\t\t<div class=\"elementor-element elementor-element-917e4b5 elementor-widget elementor-widget-text-editor\" data-id=\"917e4b5\" data-element_type=\"widget\" data-e-type=\"widget\" data-widget_type=\"text-editor.default\">\n\t\t\t\t\t\t\t\t\t<p>Dzi\u0119ki temu mo\u017cesz przygotowywa\u0107 si\u0119 u nas do start\u00f3w w r\u00f3\u017cnych systemach Rally Obedience, od zupe\u0142nych podstaw po bardzo zaawansowane kombinacje.<\/p><p data-start=\"1254\" data-end=\"1288\">Wyposa\u017cenie sali obejmuje m.in.:<\/p><ul data-start=\"1289\" data-end=\"1832\"><li data-start=\"1289\" data-end=\"1345\"><p data-start=\"1291\" data-end=\"1345\">r\u00f3\u017cnej wielko\u015bci <strong data-start=\"1308\" data-end=\"1320\">pacho\u0142ki<\/strong> \u2013 ma\u0142e, \u015brednie, du\u017ce,<\/p><\/li><li data-start=\"1346\" data-end=\"1389\"><p data-start=\"1348\" data-end=\"1389\"><strong data-start=\"1348\" data-end=\"1359\">targety<\/strong> \u2013 kwadratowe i prostok\u0105tne,<\/p><\/li><li data-start=\"1390\" data-end=\"1460\"><p data-start=\"1392\" data-end=\"1460\"><strong data-start=\"1392\" data-end=\"1404\">kozio\u0142ki<\/strong> i <strong data-start=\"1407\" data-end=\"1421\">przeszkody<\/strong> do \u0107wicze\u0144 pos\u0142usze\u0144stwa sportowego,<\/p><\/li><li data-start=\"1461\" data-end=\"1585\"><p data-start=\"1463\" data-end=\"1585\">r\u00f3\u017cnego rodzaju <strong data-start=\"1479\" data-end=\"1518\">berety, pianki i kostki do fitnessu<\/strong> (\u015bwietne do pracy nad \u015bwiadomo\u015bci\u0105 cia\u0142a i mi\u0119\u015bniami g\u0142\u0119bokimi),<\/p><\/li><li data-start=\"1586\" data-end=\"1639\"><p data-start=\"1588\" data-end=\"1639\">du\u017ce <strong data-start=\"1593\" data-end=\"1603\">lustro<\/strong> do pracy nad detalami i precyzj\u0105,<\/p><\/li><li data-start=\"1640\" data-end=\"1713\"><p data-start=\"1642\" data-end=\"1713\"><strong data-start=\"1642\" data-end=\"1677\">statywy do nagrywania trening\u00f3w<\/strong>, \u017ceby \u0142atwiej analizowa\u0107 post\u0119py,<\/p><\/li><li data-start=\"1714\" data-end=\"1832\"><p data-start=\"1716\" data-end=\"1832\">r\u00f3\u017cne <strong data-start=\"1722\" data-end=\"1748\">akcesoria do noseworku<\/strong>, kt\u00f3re pozwalaj\u0105 prowadzi\u0107 zar\u00f3wno treningi w\u0119chowe, jak i \u0107wiczenia uzupe\u0142niaj\u0105ce.<\/p><\/li><\/ul>\t\t\t\t\t\t\t\t<\/div>\n\t\t\t\t<\/div>\n\t\t<div class=\"elementor-element elementor-element-ff3b213 e-con-full e-flex e-con e-child\" data-id=\"ff3b213\" data-element_type=\"container\" data-e-type=\"container\">\n\t\t\t\t<div class=\"elementor-element elementor-element-182b1be elementor-widget elementor-widget-image\" data-id=\"182b1be\" data-element_type=\"widget\" data-e-type=\"widget\" data-widget_type=\"image.default\">\n\t\t\t\t\t\t\t\t\t\t\t\t\t\t\t<img decoding=\"async\" width=\"1024\" height=\"576\" src=\"https:\/\/www.k-dogs.komandor.pl\/wp-content\/uploads\/2025\/11\/WhatsApp-Image-2025-11-18-at-16.07.57-1024x576.jpeg\" class=\"attachment-large size-large wp-image-907\" alt=\"\" srcset=\"https:\/\/www.k-dogs.komandor.pl\/wp-content\/uploads\/2025\/11\/WhatsApp-Image-2025-11-18-at-16.07.57-1024x576.jpeg 1024w, https:\/\/www.k-dogs.komandor.pl\/wp-content\/uploads\/2025\/11\/WhatsApp-Image-2025-11-18-at-16.07.57-300x169.jpeg 300w, https:\/\/www.k-dogs.komandor.pl\/wp-content\/uploads\/2025\/11\/WhatsApp-Image-2025-11-18-at-16.07.57-768x432.jpeg 768w, https:\/\/www.k-dogs.komandor.pl\/wp-content\/uploads\/2025\/11\/WhatsApp-Image-2025-11-18-at-16.07.57-1536x864.jpeg 1536w, https:\/\/www.k-dogs.komandor.pl\/wp-content\/uploads\/2025\/11\/WhatsApp-Image-2025-11-18-at-16.07.57.jpeg 1600w\" sizes=\"(max-width: 1024px) 100vw, 1024px\" \/>\t\t\t\t\t\t\t\t\t\t\t\t\t\t\t<\/div>\n\t\t\t\t<\/div>\n\t\t\t\t\t<\/div>\n\t\t\t\t<\/div>\n\t\t<div class=\"elementor-element elementor-element-96ee8ef e-flex e-con-boxed e-con e-parent\" data-id=\"96ee8ef\" data-element_type=\"container\" data-e-type=\"container\">\n\t\t\t\t\t<div class=\"e-con-inner\">\n\t\t<div class=\"elementor-element elementor-element-6d636b4 e-con-full e-flex e-con e-child\" data-id=\"6d636b4\" data-element_type=\"container\" data-e-type=\"container\">\n\t\t\t\t<div class=\"elementor-element elementor-element-2b3ef9b elementor-widget__width-initial elementor-widget elementor-widget-image\" data-id=\"2b3ef9b\" data-element_type=\"widget\" data-e-type=\"widget\" data-widget_type=\"image.default\">\n\t\t\t\t\t\t\t\t\t\t\t\t\t\t\t<img decoding=\"async\" width=\"576\" height=\"1024\" src=\"https:\/\/www.k-dogs.komandor.pl\/wp-content\/uploads\/2025\/11\/WhatsApp-Image-2025-11-18-at-14.16.43-1-576x1024.jpeg\" class=\"attachment-large size-large wp-image-909\" alt=\"\" srcset=\"https:\/\/www.k-dogs.komandor.pl\/wp-content\/uploads\/2025\/11\/WhatsApp-Image-2025-11-18-at-14.16.43-1-576x1024.jpeg 576w, https:\/\/www.k-dogs.komandor.pl\/wp-content\/uploads\/2025\/11\/WhatsApp-Image-2025-11-18-at-14.16.43-1-169x300.jpeg 169w, https:\/\/www.k-dogs.komandor.pl\/wp-content\/uploads\/2025\/11\/WhatsApp-Image-2025-11-18-at-14.16.43-1-768x1365.jpeg 768w, https:\/\/www.k-dogs.komandor.pl\/wp-content\/uploads\/2025\/11\/WhatsApp-Image-2025-11-18-at-14.16.43-1-864x1536.jpeg 864w, https:\/\/www.k-dogs.komandor.pl\/wp-content\/uploads\/2025\/11\/WhatsApp-Image-2025-11-18-at-14.16.43-1.jpeg 1152w\" sizes=\"(max-width: 576px) 100vw, 576px\" \/>\t\t\t\t\t\t\t\t\t\t\t\t\t\t\t<\/div>\n\t\t\t\t<\/div>\n\t\t<div class=\"elementor-element elementor-element-47e8d64 e-con-full e-flex e-con e-child\" data-id=\"47e8d64\" data-element_type=\"container\" data-e-type=\"container\">\n\t\t\t\t<div class=\"elementor-element elementor-element-fc6b3a7 elementor-widget elementor-widget-text-editor\" data-id=\"fc6b3a7\" data-element_type=\"widget\" data-e-type=\"widget\" data-widget_type=\"text-editor.default\">\n\t\t\t\t\t\t\t\t\t<p data-start=\"1834\" data-end=\"1882\">W praktyce oznacza to, \u017ce na naszej sali mo\u017cesz:<\/p><ul data-start=\"1883\" data-end=\"2167\"><li data-start=\"1883\" data-end=\"1947\"><p data-start=\"1885\" data-end=\"1947\">przygotowa\u0107 psa do zawod\u00f3w Rally-O wed\u0142ug kilku regulamin\u00f3w,<\/p><\/li><li data-start=\"1948\" data-end=\"2005\"><p data-start=\"1950\" data-end=\"2005\">pracowa\u0107 nad pos\u0142usze\u0144stwem sportowym i rekreacyjnym,<\/p><\/li><li data-start=\"2006\" data-end=\"2053\"><p data-start=\"2008\" data-end=\"2053\">robi\u0107 treningi fitness i \u015bwiadomo\u015bci cia\u0142a,<\/p><\/li><li data-start=\"2054\" data-end=\"2090\"><p data-start=\"2056\" data-end=\"2090\">\u0107wiczy\u0107 elementy pracy w\u0119chowej,<\/p><\/li><li data-start=\"2091\" data-end=\"2167\"><p data-start=\"2093\" data-end=\"2167\">analizowa\u0107 swoje treningi na nagraniach i szlifowa\u0107 detale przed startami.<\/p><\/li><\/ul><p data-start=\"2169\" data-end=\"2312\">To miejsce stworzone tak, \u017ceby <strong data-start=\"2200\" data-end=\"2253\">maksymalnie wspiera\u0107 rozw\u00f3j zespo\u0142u cz\u0142owiek\u2013pies<\/strong> \u2013 od pierwszych krok\u00f3w na macie, a\u017c po starty na zawodach.<\/p><p data-start=\"1572\" data-end=\"1622\">Do dyspozycji znajduj\u0105 si\u0119 r\u00f3wnie\u017c:<br \/><strong data-start=\"1689\" data-end=\"1733\">&#8211; stabilna temperatura w ci\u0105gu ca\u0142ego roku<\/strong> (ogrzewanie i dobra wentylacja),<br \/><strong data-start=\"1771\" data-end=\"1794\">&#8211; przestrze\u0144 socjalna<\/strong>, w kt\u00f3rej mo\u017cna odpocz\u0105\u0107, napi\u0107 si\u0119 wody lub przygotowa\u0107 si\u0119 do zaj\u0119\u0107,<\/p><p data-start=\"1935\" data-end=\"2085\">To wszystko sprawia, \u017ce sala jest gotowa na przyj\u0119cie zar\u00f3wno <strong data-start=\"1997\" data-end=\"2018\">regularnych zaj\u0119\u0107<\/strong>, jak i <strong data-start=\"2026\" data-end=\"2040\">seminari\u00f3w<\/strong>, <strong data-start=\"2042\" data-end=\"2056\">warsztat\u00f3w<\/strong> oraz <strong data-start=\"2062\" data-end=\"2084\">zaj\u0119\u0107 tematycznych<\/strong>.<\/p>\t\t\t\t\t\t\t\t<\/div>\n\t\t\t\t<\/div>\n\t\t<div class=\"elementor-element elementor-element-01337bf e-con-full e-flex e-con e-child\" data-id=\"01337bf\" data-element_type=\"container\" data-e-type=\"container\">\n\t\t\t\t<div class=\"elementor-element elementor-element-833ecc4 elementor-widget elementor-widget-image\" data-id=\"833ecc4\" data-element_type=\"widget\" data-e-type=\"widget\" data-widget_type=\"image.default\">\n\t\t\t\t\t\t\t\t\t\t\t\t\t\t\t<img loading=\"lazy\" decoding=\"async\" width=\"576\" height=\"1024\" src=\"https:\/\/www.k-dogs.komandor.pl\/wp-content\/uploads\/2025\/11\/WhatsApp-Image-2025-11-18-at-14.16.43-576x1024.jpeg\" class=\"attachment-large size-large wp-image-910\" alt=\"\" srcset=\"https:\/\/www.k-dogs.komandor.pl\/wp-content\/uploads\/2025\/11\/WhatsApp-Image-2025-11-18-at-14.16.43-576x1024.jpeg 576w, https:\/\/www.k-dogs.komandor.pl\/wp-content\/uploads\/2025\/11\/WhatsApp-Image-2025-11-18-at-14.16.43-169x300.jpeg 169w, https:\/\/www.k-dogs.komandor.pl\/wp-content\/uploads\/2025\/11\/WhatsApp-Image-2025-11-18-at-14.16.43-768x1365.jpeg 768w, https:\/\/www.k-dogs.komandor.pl\/wp-content\/uploads\/2025\/11\/WhatsApp-Image-2025-11-18-at-14.16.43-864x1536.jpeg 864w, https:\/\/www.k-dogs.komandor.pl\/wp-content\/uploads\/2025\/11\/WhatsApp-Image-2025-11-18-at-14.16.43.jpeg 1152w\" sizes=\"(max-width: 576px) 100vw, 576px\" \/>\t\t\t\t\t\t\t\t\t\t\t\t\t\t\t<\/div>\n\t\t\t\t<\/div>\n\t\t\t\t\t<\/div>\n\t\t\t\t<\/div>\n\t\t<div class=\"elementor-element elementor-element-ea08749 e-flex e-con-boxed e-con e-parent\" data-id=\"ea08749\" data-element_type=\"container\" data-e-type=\"container\">\n\t\t\t\t\t<div class=\"e-con-inner\">\n\t\t\t\t<div class=\"elementor-element elementor-element-c53ccf1 elementor-widget elementor-widget-text-editor\" data-id=\"c53ccf1\" data-element_type=\"widget\" data-e-type=\"widget\" data-widget_type=\"text-editor.default\">\n\t\t\t\t\t\t\t\t\t<h3 data-start=\"2787\" data-end=\"2829\"><strong data-start=\"2791\" data-end=\"2829\">Dlaczego warto wybra\u0107 sal\u0119 K-DOGs?<\/strong><\/h3><p data-start=\"2831\" data-end=\"3133\">Bo to nie tylko pusty pok\u00f3j \u2014 to miejsce, kt\u00f3re powsta\u0142o z pasji do szkolenia i realnej potrzeby stworzenia <strong data-start=\"2939\" data-end=\"3009\">bezpiecznej, wyposa\u017conej i przyjaznej przestrzeni dla ps\u00f3w i ludzi<\/strong>.<br data-start=\"3010\" data-end=\"3013\" \/>Dbamy o to, by ka\u017cdy, kto trenuje u nas, czu\u0142 si\u0119 jak u siebie: swobodnie, komfortowo i w atmosferze sprzyjaj\u0105cej nauce.<\/p><p data-start=\"3135\" data-end=\"3286\">Je\u015bli szukasz miejsca, kt\u00f3re \u0142\u0105czy w sobie <strong data-start=\"3178\" data-end=\"3196\">profesjonalizm<\/strong>, <strong data-start=\"3198\" data-end=\"3216\">funkcjonalno\u015b\u0107<\/strong> i <strong data-start=\"3219\" data-end=\"3228\">pasj\u0119<\/strong>, to sala K-DOGs jest dok\u0142adnie tym, czego potrzebujesz.<\/p><p data-start=\"3135\" data-end=\"3286\">\u00a0<\/p>\t\t\t\t\t\t\t\t<\/div>\n\t\t\t\t\t<\/div>\n\t\t\t\t<\/div>\n\t\t\t\t<\/div>\n\t\t","protected":false},"excerpt":{"rendered":"<p>Je\u015bli szukasz miejsca, kt\u00f3re \u0142\u0105czy w sobie profesjonalizm, funkcjonalno\u015b\u0107 i pasj\u0119, to sala K-DOGs jest dok\u0142adnie tym, czego potrzebujesz. Nasza sala treningowa powsta\u0142a z my\u015bl\u0105 o wszystkich, kt\u00f3rzy szukaj\u0105 profesjonalnej, komfortowej i w pe\u0142ni wyposa\u017conej przestrzeni do pracy z psami.To miejsce stworzone zar\u00f3wno dla trener\u00f3w, szk\u00f3\u0142 psich, jak i opiekun\u00f3w pracuj\u0105cych indywidualnie ze swoimi psami. [&hellip;]<\/p>\n","protected":false},"author":1,"featured_media":0,"parent":0,"menu_order":0,"comment_status":"closed","ping_status":"closed","template":"","meta":{"footnotes":""},"class_list":["post-215","page","type-page","status-publish","hentry"],"blocksy_meta":{"page_title_panel":"","has_hero_section":"disabled","0df2dca53447789c9966a9ee2482ae8e":"","hero_section":"type-1","hero_elements":[{"id":"custom_title","enabled":true,"heading_tag":"h1","title":"Home"},{"id":"custom_description","enabled":true,"description_visibility":{"desktop":true,"tablet":true,"mobile":false}},{"id":"custom_meta","enabled":false,"meta_elements":[{"id":"author","enabled":true,"label":"By","has_author_avatar":"yes","avatar_size":25},{"id":"post_date","enabled":true,"label":"On","date_format_source":"default","date_format":"M j, Y"},{"id":"comments","enabled":true}],"page_meta_elements":{"joined":true,"articles_count":true,"comments":true}},{"id":"breadcrumbs","enabled":false}],"9a068402903147dab0312ed721d813d1":"","hero_alignment1":"left","hero_alignment2":"center","hero_vertical_alignment":"center","878df3921d36f5f7834a2f50f2d62119":"","hero_structure":"narrow","c672b96ecc952ad64c8c2d7fdf1a61dc":"","page_title_bg_type":"featured_image","custom_hero_background":{"attachment_id":null},"parallax":{"desktop":false,"tablet":false,"mobile":false},"cc7bcd5456d7cac909e888486d83b616":"","hero_height":"250px","pageTitleFont":{"family":"Default","variation":"Default","size":{"desktop":"32px","tablet":"30px","mobile":"25px"},"line-height":"CT_CSS_SKIP_RULE","letter-spacing":"CT_CSS_SKIP_RULE","text-transform":"CT_CSS_SKIP_RULE","text-decoration":"CT_CSS_SKIP_RULE"},"pageTitleFontColor":{"default":{"color":"CT_CSS_SKIP_RULEDEFAULT"}},"pageMetaFont":{"family":"Default","variation":"n6","size":"12px","line-height":"1.3","letter-spacing":"CT_CSS_SKIP_RULE","text-transform":"uppercase","text-decoration":"CT_CSS_SKIP_RULE"},"pageMetaFontColor":{"default":{"color":"CT_CSS_SKIP_RULEDEFAULT"},"hover":{"color":"CT_CSS_SKIP_RULEDEFAULT"}},"pageExcerptFont":{"family":"Default","variation":"Default","size":"CT_CSS_SKIP_RULE","line-height":"CT_CSS_SKIP_RULE","letter-spacing":"CT_CSS_SKIP_RULE","text-transform":"CT_CSS_SKIP_RULE","text-decoration":"CT_CSS_SKIP_RULE"},"pageExcerptColor":{"default":{"color":"CT_CSS_SKIP_RULEDEFAULT"}},"breadcrumbsFont":{"family":"Default","variation":"n6","size":"12px","line-height":"CT_CSS_SKIP_RULE","letter-spacing":"CT_CSS_SKIP_RULE","text-transform":"uppercase","text-decoration":"CT_CSS_SKIP_RULE"},"breadcrumbsFontColor":{"default":{"color":"CT_CSS_SKIP_RULEDEFAULT"},"initial":{"color":"CT_CSS_SKIP_RULEDEFAULT"},"hover":{"color":"CT_CSS_SKIP_RULEDEFAULT"}},"pageTitleOverlay":{"default":{"color":"rgba(41, 51, 60, 0.2)"}},"pageTitleBackground":{"background_type":"color","background_pattern":"type-1","background_image":{"attachment_id":null,"x":0,"y":0},"background_repeat":"no-repeat","background_size":"auto","background_attachment":"scroll","patternColor":{"default":{"color":"#e5e7ea"}},"backgroundColor":{"default":{"color":"#EDEFF2"}}},"5384544efa2613b7222fa667fe0c3bd5":"","page_structure_type":"default","content_style":"inherit","vertical_spacing_source":"custom","content_area_spacing":"none","background":{"background_type":"color","background_pattern":"type-1","background_image":{"attachment_id":null,"x":0,"y":0},"background_repeat":"no-repeat","background_size":"auto","background_attachment":"scroll","patternColor":{"default":{"color":"#e5e7ea"}},"backgroundColor":{"default":{"color":"CT_CSS_SKIP_RULE"}}},"content_background":{"background_type":"color","background_pattern":"type-1","background_image":{"attachment_id":null,"x":0,"y":0},"background_repeat":"no-repeat","background_size":"auto","background_attachment":"scroll","patternColor":{"default":{"color":"#e5e7ea"}},"backgroundColor":{"default":{"color":"#ffffff"}}},"content_boxed_spacing":{"desktop":"40px","tablet":"35px","mobile":"20px"},"content_boxed_radius":{"top":"3px","bottom":"3px","left":"3px","right":"3px","linked":true},"content_boxed_shadow":{"blur":18,"spread":-6,"v_offset":12,"h_offset":0,"inset":false,"enable":true,"color":{"color":"rgba(34, 56, 101, 0.04)"}},"7b360c47770bb2bc7820037d1b7ccdae":"","disable_featured_image":"no","disable_header":"no","disable_footer":"no","styles_descriptor":{"styles":{"desktop":"","tablet":"","mobile":""},"google_fonts":[]}},"_links":{"self":[{"href":"https:\/\/www.k-dogs.komandor.pl\/index.php?rest_route=\/wp\/v2\/pages\/215","targetHints":{"allow":["GET"]}}],"collection":[{"href":"https:\/\/www.k-dogs.komandor.pl\/index.php?rest_route=\/wp\/v2\/pages"}],"about":[{"href":"https:\/\/www.k-dogs.komandor.pl\/index.php?rest_route=\/wp\/v2\/types\/page"}],"author":[{"embeddable":true,"href":"https:\/\/www.k-dogs.komandor.pl\/index.php?rest_route=\/wp\/v2\/users\/1"}],"replies":[{"embeddable":true,"href":"https:\/\/www.k-dogs.komandor.pl\/index.php?rest_route=%2Fwp%2Fv2%2Fcomments&post=215"}],"version-history":[{"count":28,"href":"https:\/\/www.k-dogs.komandor.pl\/index.php?rest_route=\/wp\/v2\/pages\/215\/revisions"}],"predecessor-version":[{"id":918,"href":"https:\/\/www.k-dogs.komandor.pl\/index.php?rest_route=\/wp\/v2\/pages\/215\/revisions\/918"}],"wp:attachment":[{"href":"https:\/\/www.k-dogs.komandor.pl\/index.php?rest_route=%2Fwp%2Fv2%2Fmedia&parent=215"}],"curies":[{"name":"wp","href":"https:\/\/api.w.org\/{rel}","templated":true}]}}